{"id":10,"date":"2020-01-22T14:48:18","date_gmt":"2020-01-22T14:48:18","guid":{"rendered":"http:\/\/tanzartlaubachde.wordpress.com\/?page_id=10"},"modified":"2020-11-09T10:27:21","modified_gmt":"2020-11-09T10:27:21","slug":"projekt","status":"publish","type":"page","link":"https:\/\/tanzart-laubach.de\/?page_id=10","title":{"rendered":"Projekt"},"content":{"rendered":"\n<p>Den &#8222;Nussknacker&#8220; zu tanzen h\u00f6rt sich f\u00fcr dich spannend an?<br>Dann findest du hier mehr Informationen dar\u00fcber.<\/p>\n\n\n\n<p>Der Nussknacker ist ein Ballettst\u00fcck, das der Komponist Tschaikowski nach der Geschichte &#8222;Nussknacker und Mausek\u00f6nig&#8220; vertonte.<br>Ein M\u00e4dchen namens Klara erh\u00e4lt als Weihnachtsgeschenk einen Nussknacker und tr\u00e4umt nachts, dass ihr Spielzeug von einer M\u00e4usearmee angegriffen wird. Gerade als der M\u00e4usek\u00f6nig ihren Nussknacker t\u00f6ten will, rettet sie ihn, indem sie mit ihrem Ballettschuh nach der Maus wirft. Dankbar nehmen die Spielsachen sie in das Reich der S\u00fc\u00dfigkeiten mit und feiern im Schloss der Zuckerfee ein gro\u00dfes Fest.<\/p>\n\n\n\n<pre class=\"wp-block-preformatted\">Quelle: Meine ersten Schritte im klassischen Ballett: Technik, Praxis, gro\u00dfe Gestalten und ber\u00fchmte St\u00fccke des klassischen Balletts; Edition Michael Fischer<\/pre>\n\n\n\n<p>Gemeinsam mit dem Jungen-Sinfonie-Orchester Wetzlar findet die Auff\u00fchrung in der Stadthalle Wetzlar statt.<br>Veranstalter ist das Junge-Sinfonie-Orchester Wetzlar, dem wir sehr dankbar sind, die Inszenierung daf\u00fcr machen zu d\u00fcrfen. Der Eintritt wird kostenfrei sein und auch wir bieten unser St\u00fcck ehrenamtlich an.<\/p>\n\n\n\n<p>Das bedeutet, eine Stunde Tanz und Leidenschaft im Stil des modernen Tanztheaters mit klassischen Elementen auf die B\u00fchne zu bringen.<br>Aber daf\u00fcr muss man kein Profi sein. Tanzerfahrungen sind nat\u00fcrlich sehr von Vorteil, viel wichtiger ist die Liebe zur klassischen Musik und die Freude auf der B\u00fchne zu stehen.<\/p>\n\n\n\n<p>Die Vorbereitungen f\u00fcr das St\u00fcck verbinden sich in Trainings- und Proben.<\/p>\n\n\n\n<p>Mehr Informationen zu den <a href=\"http:\/\/tanzart-laubach.de\/?page_id=11\">Trainings<\/a> und <a href=\"http:\/\/tanzart-laubach.de\/?page_id=12\">Proben<\/a> findest du unter den hinterlegten Links. <\/p>\n","protected":false},"excerpt":{"rendered":"<p>Den &#8222;Nussknacker&#8220; zu tanzen h\u00f6rt sich f\u00fcr dich spannend an?Dann findest du hier mehr Informationen dar\u00fcber. Der Nussknacker ist ein Ballettst\u00fcck, das der Komponist Tschaikowski nach der Geschichte &#8222;Nussknacker und Mausek\u00f6nig&#8220; vertonte.Ein M\u00e4dchen namens Klara erh\u00e4lt als Weihnachtsgeschenk einen Nussknacker<\/p>\n","protected":false},"author":1,"featured_media":0,"parent":0,"menu_order":0,"comment_status":"closed","ping_status":"closed","template":"","meta":{"footnotes":""},"aioseo_notices":[],"_links":{"self":[{"href":"https:\/\/tanzart-laubach.de\/index.php?rest_route=\/wp\/v2\/pages\/10"}],"collection":[{"href":"https:\/\/tanzart-laubach.de\/index.php?rest_route=\/wp\/v2\/pages"}],"about":[{"href":"https:\/\/tanzart-laubach.de\/index.php?rest_route=\/wp\/v2\/types\/page"}],"author":[{"embeddable":true,"href":"https:\/\/tanzart-laubach.de\/index.php?rest_route=\/wp\/v2\/users\/1"}],"replies":[{"embeddable":true,"href":"https:\/\/tanzart-laubach.de\/index.php?rest_route=%2Fwp%2Fv2%2Fcomments&post=10"}],"version-history":[{"count":6,"href":"https:\/\/tanzart-laubach.de\/index.php?rest_route=\/wp\/v2\/pages\/10\/revisions"}],"predecessor-version":[{"id":95,"href":"https:\/\/tanzart-laubach.de\/index.php?rest_route=\/wp\/v2\/pages\/10\/revisions\/95"}],"wp:attachment":[{"href":"https:\/\/tanzart-laubach.de\/index.php?rest_route=%2Fwp%2Fv2%2Fmedia&parent=10"}],"curies":[{"name":"wp","href":"https:\/\/api.w.org\/{rel}","templated":true}]}}