{"id":11,"date":"2020-01-22T14:48:18","date_gmt":"2020-01-22T14:48:18","guid":{"rendered":"http:\/\/tanzartlaubachde.wordpress.com\/?page_id=11"},"modified":"2020-11-09T10:36:42","modified_gmt":"2020-11-09T10:36:42","slug":"training","status":"publish","type":"page","link":"https:\/\/tanzart-laubach.de\/?page_id=11","title":{"rendered":"Training"},"content":{"rendered":"\n<p>Auch im Lockdown trainieren wir via Zoom:<br>17:00 bis 17:45 Uhr \u2013 Tanzart Classic Kids I (Kinder ab 4 Jahre)<br>18:00 bis 19:00 Uhr \u2013 Tanzart Classic (ab 14 Jahre \/ Erwachsene)<br>19:00 bis 19:30 Uhr \u2013 Tanzart Classic Spitze (ab 14 Jahre \/ Erwachsene)<\/p>\n\n\n\n<p>Das &#8222;live&#8220; Training findet immer montags ab 16:00 Uhr in der Sportlerklause der SKH Laubach, direkt neben dem Schwimmbad, statt.<\/p>\n\n\n\n<p>16:00 bis 16:45 Uhr \u2013 Tanzart Classic Kids I (Kinder ab 4 Jahre)<br>17:00 bis 18:00 Uhr \u2013 Tanzart Classic Kids II (Kinder ab 8 Jahre)<br>18:00 bis 19:00 Uhr \u2013 Tanzart Classic (ab 14 Jahre \/ Erwachsene)<br>19:00 bis 19:30 Uhr \u2013 Tanzart Classic Spitze (ab 14 Jahre \/ Erwachsene)<\/p>\n\n\n\n<p>Inhalt des Trainings ist Grundlagen- und Aufbautraining im klassischen Ballett sowie modernes Tanztheater. F\u00fcr das Training ab 18:00 Uhr kommen funktionelle \u00dcbungen und je nach Ausbildungsstand vorbereitende Arbeit mit Spitzenschuhen dazu. Das Training ist ein Kann und kein Muss. Jedoch erarbeiten wir dort wichtige Elemente in Stil und Ausdruck, die dich auf der B\u00fchne aufbl\u00fchen lassen und deine t\u00e4nzerischen F\u00e4higkeiten ausbauen werden.<\/p>\n\n\n\n<p>Preise:<br>Tanzart Classic Kids I \u2013 25 Euro\/Monat (45 Minuten\/Training)*<br>Tanzart Classic Kids II \u2013 30 Euro\/Monat (60 Minuten\/Training)*<br>Tanzart Classic \u2013 30 Euro\/Monat (60 Minuten\/Training)*<br>Tanzart Classic Spitze \u2013 10 Euro\/Monat (30 Minuten\/Training)*<\/p>\n\n\n\n<pre class=\"wp-block-preformatted\">* viertelj\u00e4hrlich k\u00fcndbar<\/pre>\n\n\n\n<p>Ich behalte mir vor, pers\u00f6nliche Empfehlungen auszusprechen. <br>Da mir Individualit\u00e4t und der pers\u00f6nliche Kontakt wichtig ist, <br>vereinbare bitte ein Schnuppertraining \u00fcber das <a href=\"http:\/\/tanzart-laubach.de\/?page_id=13\">Anmeldeformular<\/a> mit mir.<\/p>\n","protected":false},"excerpt":{"rendered":"<p>Auch im Lockdown trainieren wir via Zoom:17:00 bis 17:45 Uhr \u2013 Tanzart Classic Kids I (Kinder ab 4 Jahre)18:00 bis 19:00 Uhr \u2013 Tanzart Classic (ab 14 Jahre \/ Erwachsene)19:00 bis 19:30 Uhr \u2013 Tanzart Classic Spitze (ab 14 Jahre<\/p>\n","protected":false},"author":1,"featured_media":0,"parent":0,"menu_order":0,"comment_status":"closed","ping_status":"closed","template":"","meta":{"footnotes":""},"aioseo_notices":[],"_links":{"self":[{"href":"https:\/\/tanzart-laubach.de\/index.php?rest_route=\/wp\/v2\/pages\/11"}],"collection":[{"href":"https:\/\/tanzart-laubach.de\/index.php?rest_route=\/wp\/v2\/pages"}],"about":[{"href":"https:\/\/tanzart-laubach.de\/index.php?rest_route=\/wp\/v2\/types\/page"}],"author":[{"embeddable":true,"href":"https:\/\/tanzart-laubach.de\/index.php?rest_route=\/wp\/v2\/users\/1"}],"replies":[{"embeddable":true,"href":"https:\/\/tanzart-laubach.de\/index.php?rest_route=%2Fwp%2Fv2%2Fcomments&post=11"}],"version-history":[{"count":5,"href":"https:\/\/tanzart-laubach.de\/index.php?rest_route=\/wp\/v2\/pages\/11\/revisions"}],"predecessor-version":[{"id":97,"href":"https:\/\/tanzart-laubach.de\/index.php?rest_route=\/wp\/v2\/pages\/11\/revisions\/97"}],"wp:attachment":[{"href":"https:\/\/tanzart-laubach.de\/index.php?rest_route=%2Fwp%2Fv2%2Fmedia&parent=11"}],"curies":[{"name":"wp","href":"https:\/\/api.w.org\/{rel}","templated":true}]}}