{"id":12,"date":"2020-01-22T14:48:18","date_gmt":"2020-01-22T14:48:18","guid":{"rendered":"http:\/\/tanzartlaubachde.wordpress.com\/?page_id=12"},"modified":"2020-11-09T10:25:02","modified_gmt":"2020-11-09T10:25:02","slug":"proben","status":"publish","type":"page","link":"https:\/\/tanzart-laubach.de\/?page_id=12","title":{"rendered":"Proben"},"content":{"rendered":"\n<p>Wer bei unseren spannenden Projekten auf der B\u00fchne mit tanzen m\u00f6chte, ist herzlich zu unseren Proben eingeladen. Die Proben finden regul\u00e4r einmal im Monat samstags statt und sind f\u00fcr alle TrainingsteilnehmerInnen kostenfrei. Bei Bedarf k\u00f6nnen es auch mal mehr mal weniger Proben sein.<\/p>\n\n\n\n<p>Proben<br>Dieses Jahr (2020) finden keine weiteren Proben statt.<\/p>\n\n\n\n<p>Intensivwoche<br>&#8230; auf unbestimmte Zeit verschoben<\/p>\n\n\n\n<p>Generalprobe<br>&#8230; auf unbestimmte Zeit verschoben<\/p>\n\n\n\n<p>Auff\u00fchrung<br>&#8230; auf unbestimmte Zeit verschoben<\/p>\n\n\n\n<p>Die genauen Termine und Uhrzeiten gebe ich pers\u00f6nlich bekannt (wird nicht ver\u00f6ffentlicht). Unsere B\u00fchnen-Projekte sind kompakt geplant, sodass eine einhundertprozentige Anwesenheit erforderlich ist. Mir ist nat\u00fcrlich bewusst, dass es auch ein Leben au\u00dferhalb der B\u00fchne gibt. F\u00fcr jedes Anliegen findet sich eine individuelle L\u00f6sung. Aber Intensivwoche und Generalprobe sind derart essentiell, dass ein Fehlen zum Ausschluss f\u00fchren kann. Dar\u00fcber hinaus konzentrieren wir uns in den Proben nur auf die Choreografien. Deshalb ist das zus\u00e4tzliche Training sehr empfehlenswert.<\/p>\n\n\n\n<p><\/p>\n","protected":false},"excerpt":{"rendered":"<p>Wer bei unseren spannenden Projekten auf der B\u00fchne mit tanzen m\u00f6chte, ist herzlich zu unseren Proben eingeladen. Die Proben finden regul\u00e4r einmal im Monat samstags statt und sind f\u00fcr alle TrainingsteilnehmerInnen kostenfrei. Bei Bedarf k\u00f6nnen es auch mal mehr mal<\/p>\n","protected":false},"author":1,"featured_media":0,"parent":0,"menu_order":0,"comment_status":"closed","ping_status":"closed","template":"","meta":{"footnotes":""},"aioseo_notices":[],"_links":{"self":[{"href":"https:\/\/tanzart-laubach.de\/index.php?rest_route=\/wp\/v2\/pages\/12"}],"collection":[{"href":"https:\/\/tanzart-laubach.de\/index.php?rest_route=\/wp\/v2\/pages"}],"about":[{"href":"https:\/\/tanzart-laubach.de\/index.php?rest_route=\/wp\/v2\/types\/page"}],"author":[{"embeddable":true,"href":"https:\/\/tanzart-laubach.de\/index.php?rest_route=\/wp\/v2\/users\/1"}],"replies":[{"embeddable":true,"href":"https:\/\/tanzart-laubach.de\/index.php?rest_route=%2Fwp%2Fv2%2Fcomments&post=12"}],"version-history":[{"count":4,"href":"https:\/\/tanzart-laubach.de\/index.php?rest_route=\/wp\/v2\/pages\/12\/revisions"}],"predecessor-version":[{"id":94,"href":"https:\/\/tanzart-laubach.de\/index.php?rest_route=\/wp\/v2\/pages\/12\/revisions\/94"}],"wp:attachment":[{"href":"https:\/\/tanzart-laubach.de\/index.php?rest_route=%2Fwp%2Fv2%2Fmedia&parent=12"}],"curies":[{"name":"wp","href":"https:\/\/api.w.org\/{rel}","templated":true}]}}