{"id":8,"date":"2020-01-22T14:48:18","date_gmt":"2020-01-22T14:48:18","guid":{"rendered":"http:\/\/tanzartlaubachde.wordpress.com\/?page_id=8"},"modified":"2020-11-09T11:21:04","modified_gmt":"2020-11-09T11:21:04","slug":"home","status":"publish","type":"page","link":"https:\/\/tanzart-laubach.de\/","title":{"rendered":"Hallo!"},"content":{"rendered":"\n<p>Zu dritt begann die Reise auf die B\u00fchne.<br><br>Mit viel Spa\u00df, Freude und Leidenschaft ist uns eine erfolgreiche Inszenierung gelungen.<br><br>Nun geht die reise weiter. Daf\u00fcr brauchen wir Dich in unserem Team.<br><br>Du bist tanzbegeistert und liebst klassische Musik?<br>Dann sei dabei und tanze mit uns zu einem live Sinfonie-Orchester den Nussknacker.<\/p>\n\n\n\n<p>Du magst nicht auf der B\u00fchne stehen?<br>Dann komme nur zum Training und genie\u00dfe die Zeit mit uns <br>fernab vom Alltag.<\/p>\n","protected":false},"excerpt":{"rendered":"<p>Zu dritt begann die Reise auf die B\u00fchne. Mit viel Spa\u00df, Freude und Leidenschaft ist uns eine erfolgreiche Inszenierung gelungen. Nun geht die reise weiter. Daf\u00fcr brauchen wir Dich in unserem Team. Du bist tanzbegeistert und liebst klassische Musik?Dann sei<\/p>\n","protected":false},"author":1,"featured_media":0,"parent":0,"menu_order":0,"comment_status":"closed","ping_status":"closed","template":"","meta":{"footnotes":""},"aioseo_notices":[],"_links":{"self":[{"href":"https:\/\/tanzart-laubach.de\/index.php?rest_route=\/wp\/v2\/pages\/8"}],"collection":[{"href":"https:\/\/tanzart-laubach.de\/index.php?rest_route=\/wp\/v2\/pages"}],"about":[{"href":"https:\/\/tanzart-laubach.de\/index.php?rest_route=\/wp\/v2\/types\/page"}],"author":[{"embeddable":true,"href":"https:\/\/tanzart-laubach.de\/index.php?rest_route=\/wp\/v2\/users\/1"}],"replies":[{"embeddable":true,"href":"https:\/\/tanzart-laubach.de\/index.php?rest_route=%2Fwp%2Fv2%2Fcomments&post=8"}],"version-history":[{"count":5,"href":"https:\/\/tanzart-laubach.de\/index.php?rest_route=\/wp\/v2\/pages\/8\/revisions"}],"predecessor-version":[{"id":104,"href":"https:\/\/tanzart-laubach.de\/index.php?rest_route=\/wp\/v2\/pages\/8\/revisions\/104"}],"wp:attachment":[{"href":"https:\/\/tanzart-laubach.de\/index.php?rest_route=%2Fwp%2Fv2%2Fmedia&parent=8"}],"curies":[{"name":"wp","href":"https:\/\/api.w.org\/{rel}","templated":true}]}}